{"id":160,"date":"2011-09-06T19:27:43","date_gmt":"2011-09-06T19:27:43","guid":{"rendered":"http:\/\/www.physio-muenster.de\/tibus\/?page_id=160"},"modified":"2012-01-28T12:42:12","modified_gmt":"2012-01-28T12:42:12","slug":"gutschein","status":"publish","type":"page","link":"https:\/\/www.physio-muenster.de\/tibus\/gutschein\/","title":{"rendered":"Gutschein"},"content":{"rendered":"<p>Sie m\u00f6chten jemandem etwas Gutes(Geburtstag, Weihnachten, oder nur so..) tun?<\/p>\n<p>Dann k\u00f6nnen Sie bei mir in der Praxis Gutscheine f\u00fcr alle Behandlungen erwerben.<\/p>\n<p>Besondere W\u00fcnsche kann ich gerne ber\u00fccksichtigen.<\/p>\n<p>Sabine Beermann<\/p>\n","protected":false},"excerpt":{"rendered":"<p>Sie m\u00f6chten jemandem etwas Gutes(Geburtstag, Weihnachten, oder nur so..) tun? Dann k\u00f6nnen Sie bei mir in der Praxis Gutscheine f\u00fcr alle Behandlungen erwerben. Besondere W\u00fcnsche kann ich gerne ber\u00fccksichtigen. Sabine Beermann<\/p>\n","protected":false},"author":1,"featured_media":0,"parent":0,"menu_order":8,"comment_status":"open","ping_status":"open","template":"full-width-page.php","meta":{"_monsterinsights_skip_tracking":false,"_monsterinsights_sitenote_active":false,"_monsterinsights_sitenote_note":"","_monsterinsights_sitenote_category":0,"ngg_post_thumbnail":0,"_themeisle_gutenberg_block_has_review":false},"aioseo_notices":[],"_links":{"self":[{"href":"https:\/\/www.physio-muenster.de\/tibus\/wp-json\/wp\/v2\/pages\/160"}],"collection":[{"href":"https:\/\/www.physio-muenster.de\/tibus\/wp-json\/wp\/v2\/pages"}],"about":[{"href":"https:\/\/www.physio-muenster.de\/tibus\/wp-json\/wp\/v2\/types\/page"}],"author":[{"embeddable":true,"href":"https:\/\/www.physio-muenster.de\/tibus\/wp-json\/wp\/v2\/users\/1"}],"replies":[{"embeddable":true,"href":"https:\/\/www.physio-muenster.de\/tibus\/wp-json\/wp\/v2\/comments?post=160"}],"version-history":[{"count":2,"href":"https:\/\/www.physio-muenster.de\/tibus\/wp-json\/wp\/v2\/pages\/160\/revisions"}],"predecessor-version":[{"id":309,"href":"https:\/\/www.physio-muenster.de\/tibus\/wp-json\/wp\/v2\/pages\/160\/revisions\/309"}],"wp:attachment":[{"href":"https:\/\/www.physio-muenster.de\/tibus\/wp-json\/wp\/v2\/media?parent=160"}],"curies":[{"name":"wp","href":"https:\/\/api.w.org\/{rel}","templated":true}]}}