{"id":217,"date":"2011-10-25T18:02:55","date_gmt":"2011-10-25T18:02:55","guid":{"rendered":"http:\/\/www.physio-muenster.de\/tibus\/?page_id=217"},"modified":"2014-08-09T09:31:25","modified_gmt":"2014-08-09T09:31:25","slug":"patienteninformation-gesetzliche-krankenkassegkv","status":"publish","type":"page","link":"https:\/\/www.physio-muenster.de\/tibus\/patienteninformation-gesetzliche-krankenkassegkv\/","title":{"rendered":"Patienteninformation Gesetzliche Krankenkasse(GKV)"},"content":{"rendered":"<p>Aus den oben angef\u00fchrten Gr\u00fcnden m\u00f6chte ich um Ihr Verst\u00e4ndnis bitten, wenn ich ein vorgelegtes Rezept gelegentlich nicht einfach so annehmen kann und Sie Dieses nochmals Ihrem Arzt vorgelegen m\u00fcssen, um die den Heilmittelrichtlinien entsprechenden Eintragungen vornehmen oder anpassen zu\u00a0 lassen.<\/p>\n<p>&#8211; Diese sind immer mit Unterschrift und Stempel des Arztes zu versehen.<br \/>\n&#8211; Ohne diese Anpassungen akzeptieren die Krankenkassen das Rezept zur Abrechnung nicht\u00a0und die entsprechende Verg\u00fctung wird mir verweigert.<\/p>\n<p>Ich werde mich bem\u00fchen, den damit verbundenen Aufwand f\u00fcr Sie so gering wie m\u00f6glich zu halten.<\/p>\n<p>&nbsp;<\/p>\n<h1>Patienteninformation zur Kosten\u00fcbernahme durch die gesetzlichen Krankenkassen.<\/h1>\n<p>In der gesetzlichen Krankenversicherung (GKV) behandelt der Arzt bzw. Therapeut den Patienten im Auftrage und auf Kosten der Krankenkasse.<\/p>\n<p>Dadurch haben die Krankenkassen die M\u00f6glichkeit, Rahmenbedingungen f\u00fcr diesen Behandlungsauftrag auch unter finanziellen Gesichtspunkten vorzugeben.<\/p>\n<p>F\u00fcr die Versorgung mit Heilmitteln(z.B. physiotherapeutische Leistungen), sind besondere Regelungen erlassen worden, die im\u00a0<a href=\"http:\/\/www.gesetze-im-internet.de\/sgb_5\/index.html#BJNR024820988BJNE011503308\" target=\"_blank\">Sozialgesetzbuch, 5. Buch (SGB V)<\/a>, in Vereinbarungen(siehe\u00a0<a href=\"http:\/\/www.gkv-spitzenverband.de\/\">Internetauftritt<\/a>\u00a0des GKV-Spitzenverbands. Dort bitte nach &#8222;Rahmenempfehlung Heilmittel&#8220; suchen) zwischen dem GKV-Spitzenverband und den Verb\u00e4nden der Leistungserbringer, sowie der sog.\u00a0<a href=\"http:\/\/www.heilmittelkatalog.de\/\" target=\"_blank\"><strong>Heilmittelrichtlinie (HMR)<\/strong><\/a>, die immer wieder mal aktualisiert werden, festgelegt sind.<\/p>\n<p>Das gesamte Verfahren der Verordnung, Erbringung und Abrechnung von Heilmitteln wird dadurch reglementiert und diese sind sowohl f\u00fcr die verordnenden \u00c4rzte als auch f\u00fcr die behandelnden Therapeuten verbindlich.<\/p>\n<p>Es wurde ein\u00a0<a href=\"http:\/\/www.heilmittelkatalog.de\/physio\/\" target=\"_blank\"><strong>Heilmittelkatolog (HMK)<\/strong><\/a>\u00a0erstellt, in dem Erkrankungen und Verletzungen bestimmten Indikationsgruppen (&#8222;Schl\u00fcsseln&#8220;) zugeordnet werden.<\/p>\n<p>F\u00fcr diese sogenannten Indikationsschl\u00fcssel sind jeweils einzelne und\/oder m\u00f6gliche Kombinationen von zugelassenen therapeutischen Ma\u00dfnahmen darin erl\u00e4utert.<\/p>\n<p>Zus\u00e4tzlich sind darin Vorgaben gemacht worden, die Regelungen zu:<\/p>\n<ul>\n<li>maximale Zahl der (Folge-)Verordnungen<\/li>\n<li>maximale Zahl der Behandlungen f\u00fcr einzelne Rezepte und f\u00fcr die gesamte Behandlung<\/li>\n<li>Fristen bis zum Behandlungsbeginn (seit 01.07.2011: 14 Tage)<\/li>\n<li>Behandlungsunterbrechungen (seit 01.07.2011: 14 Tage)<\/li>\n<li>Behandlungsfrequenz<\/li>\n<\/ul>\n<p>enthalten.<\/p>\n<p>Ebenso ist genau festgelegt, welche Angaben ein Rezept enthalten muss, damit es von der Krankenkasse zur Abrechnung akzeptiert wird.<\/p>\n<p>Der Arzt ist in jedem Fall an die Einhaltung all dieser Vorschriften gebunden (<strong>und wir, die Heilmittelerbringer zu dessen Kontrolle verpflichtet<\/strong>), und \u00c4nderungen auf dem Rezept m\u00fcssen i.d.R. vom verordnenden Arzt gegengezeichnet werden.<\/p>\n<h3>HeilMittelRichtlinien(HMR) ab 01.07.2011:<\/h3>\n<p>Die neu gefassten HMR gelten f\u00fcr alle Verordnungen, die\u00a0ab dem 1.07.2011 ausgestellt werden.<br \/>\nDie aktuellen \u00c4nderungen gegen\u00fcber der bisher g\u00fcltigen Fassung sind aber eher gering einzustufen.<\/p>\n<p>F\u00fcr den Patienten ist zun\u00e4chst die auf 14 Tage verl\u00e4ngerte G\u00fcltigkeit des Rezepts von der Ausstellung\u00a0bis zum Behandlungsbeginn wichtig.<\/p>\n<p>F\u00fcr die \u00e4rztliche Verordnung wurden einige bisher unklare Formulierungen klarer definiert.<br \/>\nZum Ausf\u00fcllen des Verordnungsformulars sind folgende \u00c4nderungen bei einigen Positionen von Bedeutung, z.B.:<\/p>\n<ul>\n<li>Erg\u00e4nzende Heilmittel<\/li>\n<ul>\n<li>k\u00f6nnen auch isoliert, also ohne vorrangiges oder optionales Heilmittel, verordnet werden, soweit sie f\u00fcr die jeweilige Indikation im Heilmittelkatalog aufgef\u00fchrt sind<\/li>\n<\/ul>\n<ul>\n<li>m\u00fcssen explizit auf der Verordnung\u00a0benannt werden<br \/>\n(also nicht\u00a0 allgemein &#8222;W\u00e4rmetherapie&#8220;, sondern spezifiert wie &#8222;Fango&#8220;, &#8222;hei\u00dfe Rolle&#8220;, &#8222;Hei\u00dfluft&#8220; etc.)<\/li>\n<\/ul>\n<li>Krankengymnastik-Atemtherapie(AT1-AT3), Manuelle Lymphdrainage(MLD), Traktionsbehandlung<\/li>\n<li>bei einzelnen Indikationen (z.B.\u00a0<a href=\"http:\/\/de.wikipedia.org\/wiki\/Muskeldystrophie\">Muskeldystrophie<\/a>)<\/li>\n<li>bei Behandlung in F\u00f6rdereinrichtungen f\u00fcr Kinder und Jugendliche<\/li>\n<\/ul>\n<p>Detailiertere Informationen zu den Neuerungen\u00a0k\u00f6nnen Sie auf der Internetseite des\u00a0http:\/\/www.heilmittelkatalog.de\/richtlinien2011.html\u00a0nachlesen.<\/p>\n<h3>&#8222;Au\u00dferhalb des Regelfalls&#8220;<\/h3>\n<div>\n<p>Der Arzt kann eine Verordnung\u00a0<a href=\"http:\/\/intellimed.de\/physio\/info.htm\" target=\"_blank\"><strong>&#8222;au\u00dferhalb des Regelfalls&#8220;<\/strong><\/a>\u00a0ausstellen, wenn der einzelne spezielle Fall sich nicht nach den Regeln des HeilMittelKatalogs(HMK) behandeln l\u00e4sst, oder besonders schwierig ist.<br \/>\nEin zeitlicher Abstand zu einer bereits vorhergegangen Verordnung(VO) muss in diesem Fall nicht eingehalten werden.<\/p>\n<p>Dies bedarf allerdings der speziellen Begr\u00fcndung durch den Arzt und (krankenkassenabh\u00e4ngig), meistens auch einer Genehmigung durch die Krankenkasse vor Behandlungsbeginn.<\/p>\n<p>Ob eine Genehmigung erforderlich ist, k\u00f6nnen Sie bei Ihrer Krankenkasse erfragen.<\/p>\n<p>Haben Sie von ihrem Arzt ein Rezept &#8222;au\u00dferhalb des Regelfalls&#8220; erhalten, legen Sie dies bitte\u00a0<em><strong>umgehend<\/strong><\/em>\u00a0Ihrer Krankenkasse vor und informieren Ihren Therapeuten \u00fcber den Termin der Vorlage,\u00a0<em>da ab diesem Zeitpunkt die Behandlung zun\u00e4chst bis zu einer Entscheidung durch die Krankenkasse angefangen bzw. fortgesetzt werden kann<\/em>.<\/p>\n<p>F\u00fcr die Versicherten ist neu, dass sie bei ihrer Krankenkasse eine langfristige Genehmigung von Leistungen au\u00dferhalb des Regelfalls beantragen k\u00f6nnen.<\/p>\n<h3>Zahn\u00e4rzte<\/h3>\n<\/div>\n<div>\n<p>Eine\u00a0Ausnahme sind Heilmittelverordnungen, die von\u00a0<strong>Zahn\u00e4rzten<\/strong>\u00a0ausgestellt werden.<br \/>\nDiese unterliegen auch\u00a0nach der Neufassung von 2011 nicht den Regelungen der HMR.<\/p>\n<\/div>\n<h3>Zuzahlung<\/h3>\n<p>Bei der Inanspruchnahme von Heilmitteln ist f\u00fcr\u00a0gesetzlich Krankenversicherte die Zahlung eines Eigenanteils (Zuzahlung) in\u00a0<a href=\"http:\/\/www.gesetze-im-internet.de\/sgb_5\/__32.html\" target=\"_blank\">\u00a7 32 SGB V<\/a>\u00a0und\u00a0<a href=\"http:\/\/www.gesetze-im-internet.de\/sgb_5\/__61.html\" target=\"_blank\">\u00a7 61 SGB V<\/a>\u00a0vorgeschrieben.<br \/>\nZur Zeit betr\u00e4gt dieser 10% des Rechnungsbetrages zuz\u00fcglich 10,- \u20ac pro Verordnung (&#8222;Rezeptgeb\u00fchr&#8220;).<\/p>\n<p>Eine generelle Zuzahlungsfreiheit besteht f\u00fcr Kinder und Jugendlichen bis 18 Jahre.<br \/>\nDaneben ist unter bestimmten Bedingungen eine Befreiung von der Zuzahlung m\u00f6glich (<a href=\"http:\/\/www.gesetze-im-internet.de\/sgb_5\/__62.html\" target=\"_blank\">\u00a7 62 SGB V<\/a>).<br \/>\nN\u00e4heres dazu erfahren Sie auch bei Ihrer Krankenkasse.<\/p>\n","protected":false},"excerpt":{"rendered":"<p>Aus den oben angef\u00fchrten Gr\u00fcnden m\u00f6chte ich um Ihr Verst\u00e4ndnis bitten, wenn ich ein vorgelegtes Rezept gelegentlich nicht einfach so annehmen kann und Sie Dieses nochmals Ihrem Arzt vorgelegen m\u00fcssen, um die den Heilmittelrichtlinien entsprechenden Eintragungen vornehmen oder anpassen zu\u00a0 &hellip; <a href=\"https:\/\/www.physio-muenster.de\/tibus\/patienteninformation-gesetzliche-krankenkassegkv\/\">Weiterlesen <span class=\"meta-nav\">&rarr;<\/span><\/a><\/p>\n","protected":false},"author":1,"featured_media":0,"parent":0,"menu_order":8,"comment_status":"closed","ping_status":"closed","template":"full-width-page.php","meta":{"_monsterinsights_skip_tracking":false,"_monsterinsights_sitenote_active":false,"_monsterinsights_sitenote_note":"","_monsterinsights_sitenote_category":0,"ngg_post_thumbnail":0,"_themeisle_gutenberg_block_has_review":false},"aioseo_notices":[],"_links":{"self":[{"href":"https:\/\/www.physio-muenster.de\/tibus\/wp-json\/wp\/v2\/pages\/217"}],"collection":[{"href":"https:\/\/www.physio-muenster.de\/tibus\/wp-json\/wp\/v2\/pages"}],"about":[{"href":"https:\/\/www.physio-muenster.de\/tibus\/wp-json\/wp\/v2\/types\/page"}],"author":[{"embeddable":true,"href":"https:\/\/www.physio-muenster.de\/tibus\/wp-json\/wp\/v2\/users\/1"}],"replies":[{"embeddable":true,"href":"https:\/\/www.physio-muenster.de\/tibus\/wp-json\/wp\/v2\/comments?post=217"}],"version-history":[{"count":23,"href":"https:\/\/www.physio-muenster.de\/tibus\/wp-json\/wp\/v2\/pages\/217\/revisions"}],"predecessor-version":[{"id":244,"href":"https:\/\/www.physio-muenster.de\/tibus\/wp-json\/wp\/v2\/pages\/217\/revisions\/244"}],"wp:attachment":[{"href":"https:\/\/www.physio-muenster.de\/tibus\/wp-json\/wp\/v2\/media?parent=217"}],"curies":[{"name":"wp","href":"https:\/\/api.w.org\/{rel}","templated":true}]}}