{"id":222,"date":"2011-10-25T18:03:09","date_gmt":"2011-10-25T18:03:09","guid":{"rendered":"http:\/\/www.physio-muenster.de\/tibus\/?page_id=222"},"modified":"2018-01-06T13:58:50","modified_gmt":"2018-01-06T12:58:50","slug":"privatpatienteninformation","status":"publish","type":"page","link":"https:\/\/www.physio-muenster.de\/tibus\/privatpatienteninformation\/","title":{"rendered":"Privatpatienteninformation"},"content":{"rendered":"<p>Sehr geehrte Patientinnen,<br \/>\nsehr geehrte Patienten.<\/p>\n<p>In letzter Zeit h\u00e4ufen sich in unserer Praxis Beschwerden \u00fcber private Krankenversicherungen, die Kostenerstattungen f\u00fcr eingereichte Honorar-Rechnungen ganz oder teilweise ablehnen.<\/p>\n<p>Deswegen habe ich f\u00fcr Sie diese Seite erstellt, um Ihnen Informationen \u00fcber die geltenden &nbsp;Regelungen zu geben und Ihnen helfen, Ihre Anspr\u00fcche gegen\u00fcber Ihrer Versicherung geltend zu machen.<\/p>\n<p>Anders als in der <span style=\"text-decoration: underline;\">g<\/span>esetzl. <span style=\"text-decoration: underline;\">K<\/span>ranken<span style=\"text-decoration: underline;\">V<\/span>ersorgung(GKV) gehen Privatpatienten einen direkten Behandlungsvertrag mit dem Leistungserbringer ein. Aus dem sich nach den Regelungen des Vertragsrechts ein unmittelbarer Honoraranspruch des Leistungserbringers <em>gegen\u00fcber dem Patienten<\/em> ergibt; &#8211; unabh\u00e4ngig davon, ob und in welcher H\u00f6he dieser ggf. einen Erstattungsanspruch gegen\u00fcber einer privaten Krankenversicherung (PKV) geltend machen kann.<\/p>\n<p>Es steht jedem Therapeuten frei, mit seinen Patienten individuelle Preise zu vereinbaren. Sie k\u00f6nnen diese in meiner frei einsehbare Preisliste erfahren.<\/p>\n<p>Somit ist auch f\u00fcr die Zahlungsfrist die gesetzliche Regelung bindend und <strong>nicht der Termin<\/strong> einer eventuellen Erstattung durch die PKV.<\/p>\n<p>Verordnungen f\u00fcr Privatpatienten sind&nbsp;an keine festen Vorgaben wie die HMR in der GKV gebunden, allerdings existieren auch bei&nbsp;PKVen Tarifbedingungen, sowie Kataloge, die einschr\u00e4nkende Merkmale f\u00fcr erstattungsf\u00e4hige Heilmittel festlegen. Ebenso findet man bei den PKV&#8217;en Listen mit Erstattungsh\u00f6chsts\u00e4tzen f\u00fcr die jeweiligen Tarife.<\/p>\n<p>Von Gesellschaft zu Gesellschaft sind diese unterschiedlich und auch vom gew\u00e4hlten Tarif abh\u00e4ngig.<br \/>\nDabei bem\u00fchen sich verschiedene PKV&#8217;en, im Zuge der Kosteneinsparung(Sanierung) unter Verweis auf angebliche &#8222;orts\u00fcbliche&#8220; Preise die Erstattungss\u00e4tze weiter zu verringern.<\/p>\n<p>Von verschiedenen PKV&#8217;en wird dabei immer wieder der <span style=\"text-decoration: underline;\">sogenannte Beihilfesatz<\/span> als oberste Erstattungsgrenze angef\u00fchrt.<br \/>\nDas ist so nicht zutreffend, wenn folgende Punkte ber\u00fccksichtigt werden:<\/p>\n<ol>\n<li>Die Beihilfe deckt&nbsp;nur den &#8222;Arbeitgeberanteil&#8220; an den Krankheitskosten von Beamten ab, und diese sind nach der <a href=\"http:\/\/www.bmi.bund.de\/SharedDocs\/Downloads\/DE\/Gesetzestexte\/bbhv_dritte_aenderungs_vo.html\" target=\"_blank\" rel=\"noopener noreferrer\">neuesten Rechtslage<\/a> nicht mehr nur gehalten, sondern sogar verpflichtet, zur Absicherung der kompletten Behandlungskosten eine&nbsp;private Zusatzversicherungen abzuschlie\u00dfen.<\/li>\n<li>Die Beihilfeliste sieht gr\u00f6\u00dftenteils l\u00e4ngere Behandlungszeiten vor als das Heilmittelverzeichnis der GKV.<\/li>\n<li>Die beihilfef\u00e4higen H\u00f6chsts\u00e4tze f\u00fcr Physiotherapeuten sind seit 2002 unver\u00e4ndert geblieben.<\/li>\n<\/ol>\n<p>Dem entsprechend hat das Bundesministerium des Inneren (BMI) schon in&nbsp; 2004 in einer Pressemitteilung (&#8222;Keine &#8218;Extrawurst&#8216; f\u00fcr Beamte&#8220; vom 07.02.04)&nbsp;festgestellt, dass die Beihilfes\u00e4tze nicht kostendeckend sind. F\u00fcr weitergehende Information rufen Sie <a href=\"http:\/\/www.bmi.bund.de\/\" target=\"_blank\" rel=\"noopener noreferrer\">Webseite des BMI<\/a> auf uns suchen dort nach &#8222;Beihilfe&#8220;<\/p>\n<p><strong>Deshalb sind die Beihilfes\u00e4tze bestenfalls als der kleinste anzusetzende Kostensatz f\u00fcr Privatpatienten anzusehen.<\/strong><\/p>\n<p><strong><big><big>Tarifbedingungen in privaten Krankenversicherungsvertr\u00e4gen, die die Kostenerstattung f\u00fcr Heilmittel vorsehen, k\u00f6nnen zur Beitragsreduzierung beitragen, aber evtl. zu einer nicht vollst\u00e4ndigen Erstattung von Heilmittelrechnungen durch die PKV f\u00fchren!<\/big><\/big><\/strong><\/p>\n<div><small><\/small><a name=\"Tarifbedingungen\"><\/a>Bitte beachten Sie auch, dass solche Tarife&nbsp;dar\u00fcber hinaus oft Regelungen enthalten, die sich kaum noch von denen der gesetzlichen Krankenversicherung unterscheiden (z.B. 10-Tages-Frist bis zum Behandlungsbeginn, Zuzahlung, Genehmigung) bzw.&nbsp;sogar auf den HeilMittelKatalog der GKV Bezug nehmen (z.B. hinsichtlich Verordnungsmengenh\u00f6chstgrenze und daraus erstattungsf\u00e4higer Leistungen).<br \/>\nDer Patient kommt oft trotzdem als Privatpatient in die Praxis, ohne an die o.a. genannten vertragsrechtlichen Konsequenzen zu denken.<\/div>\n<p><strong>Seit dem <\/strong><strong>01.01.2009<\/strong><strong> <strong>gilt dies auch f\u00fcr den&nbsp;<\/strong>gesetzlich vorgeschriebenen Basistarif.<\/strong><\/p>\n<div>\n<p>Die PKV sind seit dem 01.01.2009 gesetzlich verpflichtet, einen Basistarif anzubieten, der im Leistungsumfang dem der GKV entspricht und sich durch nachstehende Besonderheiten auszeichnet:<\/p>\n<ul>\n<li>der Maximalbeitrag ist auf den H\u00f6chstsatz der GKV beschr\u00e4nkt<\/li>\n<li>es sind weder krankheitsbedingte Ausschl\u00fcsse noch Beitragszuschl\u00e4ge zul\u00e4ssig<\/li>\n<li>Die Leistungserbringung entspricht weitestgehend den f\u00fcr die GKV g\u00fcltigen Regelungen. Bitte besuchen sie f\u00fcr weiter Informationen, die <a href=\"http:\/\/www.gkv-spitzenverband.de\/\" target=\"_blank\" rel=\"noopener noreferrer\">Seite<\/a> des Verbandes.<\/li>\n<\/ul>\n<\/div>\n<div>\n<p>Die Allgemeinen Versicherungsbedingungen f\u00fcr den Basistarif 2009 mit dem dazugeh\u00f6rigen Heilmittelverzeichnis finden Sie bei Ihrer Krankenversicherung.<\/p>\n<p>Weitere Informationen zu dem Thema sind z.B. auf <a href=\"http:\/\/de.wikipedia.org\/wiki\/Private_Krankenversicherung\" target=\"_blank\" rel=\"noopener noreferrer\">wiki<\/a> oder beim <a href=\"https:\/\/www.pkv-ombudsmann.de\/\">PKV-Ombudsmann<\/a> zu finden.<\/p>\n<\/div>\n","protected":false},"excerpt":{"rendered":"<p>Sehr geehrte Patientinnen, sehr geehrte Patienten. In letzter Zeit h\u00e4ufen sich in unserer Praxis Beschwerden \u00fcber private Krankenversicherungen, die Kostenerstattungen f\u00fcr eingereichte Honorar-Rechnungen ganz oder teilweise ablehnen. Deswegen habe ich f\u00fcr Sie diese Seite erstellt, um Ihnen Informationen \u00fcber die &hellip; <a href=\"https:\/\/www.physio-muenster.de\/tibus\/privatpatienteninformation\/\">Weiterlesen <span class=\"meta-nav\">&rarr;<\/span><\/a><\/p>\n","protected":false},"author":1,"featured_media":0,"parent":0,"menu_order":8,"comment_status":"closed","ping_status":"closed","template":"full-width-page.php","meta":{"_monsterinsights_skip_tracking":false,"_monsterinsights_sitenote_active":false,"_monsterinsights_sitenote_note":"","_monsterinsights_sitenote_category":0,"ngg_post_thumbnail":0,"_themeisle_gutenberg_block_has_review":false},"aioseo_notices":[],"_links":{"self":[{"href":"https:\/\/www.physio-muenster.de\/tibus\/wp-json\/wp\/v2\/pages\/222"}],"collection":[{"href":"https:\/\/www.physio-muenster.de\/tibus\/wp-json\/wp\/v2\/pages"}],"about":[{"href":"https:\/\/www.physio-muenster.de\/tibus\/wp-json\/wp\/v2\/types\/page"}],"author":[{"embeddable":true,"href":"https:\/\/www.physio-muenster.de\/tibus\/wp-json\/wp\/v2\/users\/1"}],"replies":[{"embeddable":true,"href":"https:\/\/www.physio-muenster.de\/tibus\/wp-json\/wp\/v2\/comments?post=222"}],"version-history":[{"count":19,"href":"https:\/\/www.physio-muenster.de\/tibus\/wp-json\/wp\/v2\/pages\/222\/revisions"}],"predecessor-version":[{"id":689,"href":"https:\/\/www.physio-muenster.de\/tibus\/wp-json\/wp\/v2\/pages\/222\/revisions\/689"}],"wp:attachment":[{"href":"https:\/\/www.physio-muenster.de\/tibus\/wp-json\/wp\/v2\/media?parent=222"}],"curies":[{"name":"wp","href":"https:\/\/api.w.org\/{rel}","templated":true}]}}