{"id":4,"date":"2011-09-04T17:43:50","date_gmt":"2011-09-04T17:43:50","guid":{"rendered":"http:\/\/www.physio-muenster.de\/tibus\/?page_id=4"},"modified":"2023-02-12T14:53:38","modified_gmt":"2023-02-12T13:53:38","slug":"kontakt","status":"publish","type":"page","link":"https:\/\/www.physio-muenster.de\/tibus\/kontakt\/","title":{"rendered":"Kontakt"},"content":{"rendered":"\n<p>&nbsp;<\/p>\n<p><span style=\"text-decoration: underline;\">Kontakt per Email: <\/span><\/p>\n<p><strong>Bitte haben Sie Verst\u00e4ndnis daf\u00fcr, dass es schon mal etwas dauern kann, bis wir uns bei Ihnen melden.<\/strong><br \/>\n<strong><em>W\u00e4hrend der Behandlung, ist halt w\u00e4hrend der Behandlung.<\/em><\/strong><\/p>\n<p><span style=\"text-decoration: underline;\">Bitte beachten Sie auch:<\/span><br \/>\nMit der Stellung einer Anfrage \u00fcber die Online-Kontaktformulare oder per E-Mail willigen Sie in die Speicherung der angegebenen Daten<br \/>\nund ihre Verarbeitung durch die Praxis f\u00fcr Physiotherapie Sabine Beermann ein.<br \/>\nWir weisen ausdr\u00fccklich darauf hin, dass Daten\u00fcbertragung per E-Mail im Normalfall unverschl\u00fcsselt erfolgt.<br \/>\nF\u00fcr eine vertrauliche Kommunikation ist die Kontaktaufnahme \u00fcber diese Website per E-Mail oder Formular nicht geeignet.<br \/>\nDann rufen sie bitte an und hinterlassen bei Bedarf eine Nachricht auf dem Anrufbeantworter <span style=\"text-decoration: underline;\"><a href=\"https:\/\/www.physio-muenster.de\/tibus\/\">Kontaktdaten auf der Startseite<\/a><br \/>\n<\/span><br \/>\n\n<div class=\"wpcf7 no-js\" id=\"wpcf7-f599-o1\" lang=\"de-DE\" dir=\"ltr\">\n<div class=\"screen-reader-response\"><p role=\"status\" aria-live=\"polite\" aria-atomic=\"true\"><\/p> <ul><\/ul><\/div>\n<form action=\"\/tibus\/wp-json\/wp\/v2\/pages\/4#wpcf7-f599-o1\" method=\"post\" class=\"wpcf7-form init\" aria-label=\"Kontaktformular\" novalidate=\"novalidate\" data-status=\"init\">\n<div style=\"display: none;\">\n<input type=\"hidden\" name=\"_wpcf7\" value=\"599\" \/>\n<input type=\"hidden\" name=\"_wpcf7_version\" value=\"5.8.2\" \/>\n<input type=\"hidden\" name=\"_wpcf7_locale\" value=\"de_DE\" \/>\n<input type=\"hidden\" name=\"_wpcf7_unit_tag\" value=\"wpcf7-f599-o1\" \/>\n<input type=\"hidden\" name=\"_wpcf7_container_post\" value=\"0\" \/>\n<input type=\"hidden\" name=\"_wpcf7_posted_data_hash\" value=\"\" \/>\n<\/div>\n<p>Ihr Name (Pflichtfeld)\n<\/p>\n<p><span class=\"wpcf7-form-control-wrap\" data-name=\"your-name\"><input size=\"40\" class=\"wpcf7-form-control wpcf7-text wpcf7-validates-as-required\" aria-required=\"true\" aria-invalid=\"false\" value=\"\" type=\"text\" name=\"your-name\" \/><\/span>\n<\/p>\n<p>Ihre E-Mail-Adresse (Pflichtfeld)\n<\/p>\n<p><span class=\"wpcf7-form-control-wrap\" data-name=\"your-email\"><input size=\"40\" class=\"wpcf7-form-control wpcf7-email wpcf7-validates-as-required wpcf7-text wpcf7-validates-as-email\" aria-required=\"true\" aria-invalid=\"false\" value=\"\" type=\"email\" name=\"your-email\" \/><\/span>\n<\/p>\n<p>Betreff\n<\/p>\n<p><span class=\"wpcf7-form-control-wrap\" data-name=\"your-subject\"><input size=\"40\" class=\"wpcf7-form-control wpcf7-text\" aria-invalid=\"false\" value=\"\" type=\"text\" name=\"your-subject\" \/><\/span>\n<\/p>\n<p><span id=\"wpcf7-69df50a1958b2-wrapper\" class=\"wpcf7-form-control-wrap email-123-wrap\" style=\"display:none !important; visibility:hidden !important;\"><label for=\"wpcf7-69df50a1958b2-field\" class=\"hp-message\">Bitte lasse dieses Feld leer.<\/label><input id=\"wpcf7-69df50a1958b2-field\"  class=\"wpcf7-form-control wpcf7-text\" type=\"text\" name=\"email-123\" value=\"\" size=\"40\" tabindex=\"-1\" autocomplete=\"new-password\" \/><\/span>\n<\/p>\n<p>Ihre Nachricht\n<\/p>\n<p><span class=\"wpcf7-form-control-wrap\" data-name=\"your-message\"><textarea cols=\"40\" rows=\"10\" class=\"wpcf7-form-control wpcf7-textarea\" aria-invalid=\"false\" name=\"your-message\"><\/textarea><\/span>\n<\/p>\n<p><input class=\"wpcf7-form-control wpcf7-submit has-spinner\" type=\"submit\" value=\"Senden\" \/>\n<\/p><div class=\"wpcf7-response-output\" aria-hidden=\"true\"><\/div>\n<\/form>\n<\/div>\n<\/p>\n","protected":false},"excerpt":{"rendered":"<p>&nbsp; Kontakt per Email: Bitte haben Sie Verst\u00e4ndnis daf\u00fcr, dass es schon mal etwas dauern kann, bis wir uns bei Ihnen melden. W\u00e4hrend der Behandlung, ist halt w\u00e4hrend der Behandlung. Bitte beachten Sie auch: Mit der Stellung einer Anfrage \u00fcber &hellip; <a href=\"https:\/\/www.physio-muenster.de\/tibus\/kontakt\/\">Weiterlesen <span class=\"meta-nav\">&rarr;<\/span><\/a><\/p>\n","protected":false},"author":1,"featured_media":0,"parent":0,"menu_order":8,"comment_status":"open","ping_status":"open","template":"full-width-page.php","meta":{"_monsterinsights_skip_tracking":false,"_monsterinsights_sitenote_active":false,"_monsterinsights_sitenote_note":"","_monsterinsights_sitenote_category":0,"ngg_post_thumbnail":0,"_themeisle_gutenberg_block_has_review":false},"aioseo_notices":[],"_links":{"self":[{"href":"https:\/\/www.physio-muenster.de\/tibus\/wp-json\/wp\/v2\/pages\/4"}],"collection":[{"href":"https:\/\/www.physio-muenster.de\/tibus\/wp-json\/wp\/v2\/pages"}],"about":[{"href":"https:\/\/www.physio-muenster.de\/tibus\/wp-json\/wp\/v2\/types\/page"}],"author":[{"embeddable":true,"href":"https:\/\/www.physio-muenster.de\/tibus\/wp-json\/wp\/v2\/users\/1"}],"replies":[{"embeddable":true,"href":"https:\/\/www.physio-muenster.de\/tibus\/wp-json\/wp\/v2\/comments?post=4"}],"version-history":[{"count":26,"href":"https:\/\/www.physio-muenster.de\/tibus\/wp-json\/wp\/v2\/pages\/4\/revisions"}],"predecessor-version":[{"id":963,"href":"https:\/\/www.physio-muenster.de\/tibus\/wp-json\/wp\/v2\/pages\/4\/revisions\/963"}],"wp:attachment":[{"href":"https:\/\/www.physio-muenster.de\/tibus\/wp-json\/wp\/v2\/media?parent=4"}],"curies":[{"name":"wp","href":"https:\/\/api.w.org\/{rel}","templated":true}]}}