{"id":46,"date":"2011-09-04T18:44:08","date_gmt":"2011-09-04T18:44:08","guid":{"rendered":"http:\/\/www.physio-muenster.de\/tibus\/?page_id=46"},"modified":"2012-01-28T12:45:18","modified_gmt":"2012-01-28T12:45:18","slug":"manuelle-lymphdrainagemld","status":"publish","type":"page","link":"https:\/\/www.physio-muenster.de\/tibus\/manuelle-lymphdrainagemld\/","title":{"rendered":"Manuelle Lymphdrainage(MLD)"},"content":{"rendered":"<table width=\"100%\" border=\"0\" cellspacing=\"0\" cellpadding=\"0\">\n<colgroup>\n<col width=\"256*\" \/> <\/colgroup>\n<tbody>\n<tr>\n<td valign=\"TOP\" width=\"100%\">ist eine \u201eMassagetechnik\u201c, die als Entstauungstherapie, der Lymphabflussverbesserung, in \u00f6dematisierten, d.h. angeschwollenen K\u00f6rperregionen angewendet wird.<strong>Wirkung:<\/strong><\/p>\n<ul>\n<li>verbesserte Lymphtransportkapazit\u00e4t im K\u00f6rperkreislauf<\/li>\n<li>Entstauung von K\u00f6rperregionen<\/li>\n<li>Schmerzlinderung<\/li>\n<li>Verbesserung der Eigenmotorik der glatten Muskulatur der Lymphgef\u00e4\u00dfe<\/li>\n<li>zerst\u00f6rte Lymphbahnen durch neue, haarfeine Kan\u00e4le zu ersetzen; auch Neubildung genannt<\/li>\n<li>Gef\u00e4\u00dftonisierung(Kr\u00e4ftigung erschlaffter Gef\u00e4\u00dfe)<\/li>\n<\/ul>\n<p><strong>Anwendungsbereiche:<\/strong><\/p>\n<ul>\n<li>Lymph\u00f6deme nach Operationen<\/li>\n<li>bei Funktionsst\u00f6rungen der Lymphgef\u00e4\u00dfe<\/li>\n<li>L\u00e4hmungs\u00f6deme<\/li>\n<li>\u00d6deme unbekannter Ursache<\/li>\n<li>bei Migr\u00e4ne und Trigeminusneuralgie !<\/li>\n<\/ul>\n<p>Nach jeder MLD setze ich eine Kompressionsbehandlung mit speziellem Bandagematerial ein um die Behandlungswirkung zu unterst\u00fctzen. Zus\u00e4tzlich k\u00f6nnen zur Unterst\u00fctzung der Behandlung auf Ihren K\u00f6rper bemessene Str\u00fcmpfe eingesetzt werden. Diese unterst\u00fctzen die Physikalische Entstauungstherapie bei der \u00d6dembehandlung wenn eine medikament\u00f6se alleine nicht zur befriedigenden \u00d6demverringerung f\u00fchrt.<\/td>\n<\/tr>\n<\/tbody>\n<\/table>\n<p>&nbsp;<\/p>\n","protected":false},"excerpt":{"rendered":"<p>ist eine \u201eMassagetechnik\u201c, die als Entstauungstherapie, der Lymphabflussverbesserung, in \u00f6dematisierten, d.h. angeschwollenen K\u00f6rperregionen angewendet wird.Wirkung: verbesserte Lymphtransportkapazit\u00e4t im K\u00f6rperkreislauf Entstauung von K\u00f6rperregionen Schmerzlinderung Verbesserung der Eigenmotorik der glatten Muskulatur der Lymphgef\u00e4\u00dfe zerst\u00f6rte Lymphbahnen durch neue, haarfeine Kan\u00e4le zu ersetzen; auch &hellip; <a href=\"https:\/\/www.physio-muenster.de\/tibus\/manuelle-lymphdrainagemld\/\">Weiterlesen <span class=\"meta-nav\">&rarr;<\/span><\/a><\/p>\n","protected":false},"author":1,"featured_media":0,"parent":0,"menu_order":8,"comment_status":"open","ping_status":"open","template":"full-width-page.php","meta":{"_monsterinsights_skip_tracking":false,"_monsterinsights_sitenote_active":false,"_monsterinsights_sitenote_note":"","_monsterinsights_sitenote_category":0,"ngg_post_thumbnail":0,"_themeisle_gutenberg_block_has_review":false},"aioseo_notices":[],"_links":{"self":[{"href":"https:\/\/www.physio-muenster.de\/tibus\/wp-json\/wp\/v2\/pages\/46"}],"collection":[{"href":"https:\/\/www.physio-muenster.de\/tibus\/wp-json\/wp\/v2\/pages"}],"about":[{"href":"https:\/\/www.physio-muenster.de\/tibus\/wp-json\/wp\/v2\/types\/page"}],"author":[{"embeddable":true,"href":"https:\/\/www.physio-muenster.de\/tibus\/wp-json\/wp\/v2\/users\/1"}],"replies":[{"embeddable":true,"href":"https:\/\/www.physio-muenster.de\/tibus\/wp-json\/wp\/v2\/comments?post=46"}],"version-history":[{"count":3,"href":"https:\/\/www.physio-muenster.de\/tibus\/wp-json\/wp\/v2\/pages\/46\/revisions"}],"predecessor-version":[{"id":314,"href":"https:\/\/www.physio-muenster.de\/tibus\/wp-json\/wp\/v2\/pages\/46\/revisions\/314"}],"wp:attachment":[{"href":"https:\/\/www.physio-muenster.de\/tibus\/wp-json\/wp\/v2\/media?parent=46"}],"curies":[{"name":"wp","href":"https:\/\/api.w.org\/{rel}","templated":true}]}}