{"id":50,"date":"2011-09-04T18:45:40","date_gmt":"2011-09-04T18:45:40","guid":{"rendered":"http:\/\/www.physio-muenster.de\/tibus\/?page_id=50"},"modified":"2014-03-10T21:46:08","modified_gmt":"2014-03-10T21:46:08","slug":"pravention","status":"publish","type":"page","link":"https:\/\/www.physio-muenster.de\/tibus\/pravention\/","title":{"rendered":"Pr\u00e4vention"},"content":{"rendered":"<h1>&#8222;Vorbeugen ist besser als heilen&#8220;<\/h1>\n<p>Wer kennt dieses Sprichwort nicht?<\/p>\n<p>Der tiefere Sinn wird Vielen erst klar, wenns zu sp\u00e4t ist.<\/p>\n<p>Die Pr\u00e4vention ist ein wichtiges Behandlungsfeld der Physiotherapie.<\/p>\n<p>Daher biete ich Ihnen neben meiner klassischen physiotherapeutischen T\u00e4tigkeit verschiedene &#8222;Gesundheitskurse&#8220; in entsprechenden R\u00e4umen mit angrenzenden Sanit\u00e4rbereichen an.<\/p>\n<p><span style=\"text-decoration: underline;\">Sind sie Arbeitgeber?<\/span><\/p>\n<p>So k\u00f6nnen Sie mit mir Kurse f\u00fcr Ihre Angestellten auch in Ihrer Unternehmung anbieten. Die daraus wegfallenden Anfahrtswege helfen so manch einem auf die Beine.<\/p>\n","protected":false},"excerpt":{"rendered":"<p>&#8222;Vorbeugen ist besser als heilen&#8220; Wer kennt dieses Sprichwort nicht? Der tiefere Sinn wird Vielen erst klar, wenns zu sp\u00e4t ist. Die Pr\u00e4vention ist ein wichtiges Behandlungsfeld der Physiotherapie. Daher biete ich Ihnen neben meiner klassischen physiotherapeutischen T\u00e4tigkeit verschiedene &#8222;Gesundheitskurse&#8220; &hellip; <a href=\"https:\/\/www.physio-muenster.de\/tibus\/pravention\/\">Weiterlesen <span class=\"meta-nav\">&rarr;<\/span><\/a><\/p>\n","protected":false},"author":1,"featured_media":0,"parent":0,"menu_order":8,"comment_status":"open","ping_status":"open","template":"full-width-page.php","meta":{"_monsterinsights_skip_tracking":false,"_monsterinsights_sitenote_active":false,"_monsterinsights_sitenote_note":"","_monsterinsights_sitenote_category":0,"ngg_post_thumbnail":0,"_themeisle_gutenberg_block_has_review":false},"aioseo_notices":[],"_links":{"self":[{"href":"https:\/\/www.physio-muenster.de\/tibus\/wp-json\/wp\/v2\/pages\/50"}],"collection":[{"href":"https:\/\/www.physio-muenster.de\/tibus\/wp-json\/wp\/v2\/pages"}],"about":[{"href":"https:\/\/www.physio-muenster.de\/tibus\/wp-json\/wp\/v2\/types\/page"}],"author":[{"embeddable":true,"href":"https:\/\/www.physio-muenster.de\/tibus\/wp-json\/wp\/v2\/users\/1"}],"replies":[{"embeddable":true,"href":"https:\/\/www.physio-muenster.de\/tibus\/wp-json\/wp\/v2\/comments?post=50"}],"version-history":[{"count":5,"href":"https:\/\/www.physio-muenster.de\/tibus\/wp-json\/wp\/v2\/pages\/50\/revisions"}],"predecessor-version":[{"id":456,"href":"https:\/\/www.physio-muenster.de\/tibus\/wp-json\/wp\/v2\/pages\/50\/revisions\/456"}],"wp:attachment":[{"href":"https:\/\/www.physio-muenster.de\/tibus\/wp-json\/wp\/v2\/media?parent=50"}],"curies":[{"name":"wp","href":"https:\/\/api.w.org\/{rel}","templated":true}]}}