{"id":54,"date":"2011-09-04T18:47:15","date_gmt":"2011-09-04T18:47:15","guid":{"rendered":"http:\/\/www.physio-muenster.de\/tibus\/?page_id=54"},"modified":"2012-01-28T12:53:32","modified_gmt":"2012-01-28T12:53:32","slug":"referenzen","status":"publish","type":"page","link":"https:\/\/www.physio-muenster.de\/tibus\/referenzen\/","title":{"rendered":"Referenzen"},"content":{"rendered":"<p>Seit 1992 arbeite ich in der betrieblichen Gesundheitsf\u00f6rderung f\u00fcr verschiedenste Unternehmen, Einrichtungen, und \u00f6ffentliche Tr\u00e4ger.<\/p>\n<p><strong>Einige stelle ich Ihnen hier vor:<\/strong><\/p>\n<ul type=\"disc\">\n<li><a href=\"http:\/\/www.bezreg-muenster.nrw.de\/startseite\/index.html\">Bezirksregierung M\u00fcnster<\/a><\/li>\n<li><a href=\"http:\/\/www.galeria-kaufhof.de\/sales\/unternehmen\/filialen\/muenster.asp\">Galeria Kaufhof<\/a>, M\u00fcnster<\/li>\n<li><a title=\"Kneipp-Verein M\u00fcnster\" href=\"http:\/\/www.kneipp-verein-muenster.de\/\">Kneipp-Verein<\/a>, M\u00fcnster<\/li>\n<li><a title=\"LVM Versicherung\" href=\"http:\/\/www.lvm.de\/\">LVM Versicherung<\/a>, M\u00fcnster<\/li>\n<li><a href=\"https:\/\/www.svwl.eu\/sparkassenverband\/einrichtungen\/sparkassenakademie.html\">Sparkassen Akademie<\/a>, M\u00fcnster<\/li>\n<li><a title=\"M\u00fcnster in Westfalen\" href=\"http:\/\/www.muenster.de\/\">Stadt M\u00fcnster<\/a><\/li>\n<li><a href=\"http:\/\/www.tk.de\/\">Techniker Krankenkasse <\/a>(PME)<\/li>\n<li><a href=\"http:\/\/www.vectron.de\/\">Vectron Systems AG<\/a>, M\u00fcnster<\/li>\n<li><a href=\"http:\/\/vhs.muenster.de\/\">Volkshochschule M\u00fcnster<\/a><\/li>\n<\/ul>\n","protected":false},"excerpt":{"rendered":"<p>Seit 1992 arbeite ich in der betrieblichen Gesundheitsf\u00f6rderung f\u00fcr verschiedenste Unternehmen, Einrichtungen, und \u00f6ffentliche Tr\u00e4ger. Einige stelle ich Ihnen hier vor: Bezirksregierung M\u00fcnster Galeria Kaufhof, M\u00fcnster Kneipp-Verein, M\u00fcnster LVM Versicherung, M\u00fcnster Sparkassen Akademie, M\u00fcnster Stadt M\u00fcnster Techniker Krankenkasse (PME) Vectron &hellip; <a href=\"https:\/\/www.physio-muenster.de\/tibus\/referenzen\/\">Weiterlesen <span class=\"meta-nav\">&rarr;<\/span><\/a><\/p>\n","protected":false},"author":1,"featured_media":0,"parent":0,"menu_order":8,"comment_status":"open","ping_status":"open","template":"","meta":{"_monsterinsights_skip_tracking":false,"_monsterinsights_sitenote_active":false,"_monsterinsights_sitenote_note":"","_monsterinsights_sitenote_category":0,"ngg_post_thumbnail":0,"_themeisle_gutenberg_block_has_review":false},"aioseo_notices":[],"_links":{"self":[{"href":"https:\/\/www.physio-muenster.de\/tibus\/wp-json\/wp\/v2\/pages\/54"}],"collection":[{"href":"https:\/\/www.physio-muenster.de\/tibus\/wp-json\/wp\/v2\/pages"}],"about":[{"href":"https:\/\/www.physio-muenster.de\/tibus\/wp-json\/wp\/v2\/types\/page"}],"author":[{"embeddable":true,"href":"https:\/\/www.physio-muenster.de\/tibus\/wp-json\/wp\/v2\/users\/1"}],"replies":[{"embeddable":true,"href":"https:\/\/www.physio-muenster.de\/tibus\/wp-json\/wp\/v2\/comments?post=54"}],"version-history":[{"count":4,"href":"https:\/\/www.physio-muenster.de\/tibus\/wp-json\/wp\/v2\/pages\/54\/revisions"}],"predecessor-version":[{"id":322,"href":"https:\/\/www.physio-muenster.de\/tibus\/wp-json\/wp\/v2\/pages\/54\/revisions\/322"}],"wp:attachment":[{"href":"https:\/\/www.physio-muenster.de\/tibus\/wp-json\/wp\/v2\/media?parent=54"}],"curies":[{"name":"wp","href":"https:\/\/api.w.org\/{rel}","templated":true}]}}