{"id":58,"date":"2011-09-04T18:48:32","date_gmt":"2011-09-04T18:48:32","guid":{"rendered":"http:\/\/www.physio-muenster.de\/tibus\/?page_id=58"},"modified":"2021-04-29T23:55:53","modified_gmt":"2021-04-29T21:55:53","slug":"uber-mich","status":"publish","type":"page","link":"https:\/\/www.physio-muenster.de\/tibus\/uber-mich\/","title":{"rendered":"..\u00fcber Sabine"},"content":{"rendered":"<p>Mein Name ist Sabine Beermann und ich bin seit \u00fcber 20 Jahren examinierte Krankengymnastin.<br \/>\nMeine Ausbildung zur Krankengymnastin habe ich an der Timmermeister Schule in M\u00fcnster gemacht.<br \/>\nAm Mathias-Spital in Rheine habe ich das Anerkennungsjahr absolviert. Danach habe ich in einer Praxis in M\u00fcnster bis Ende 2010 gearbeitet.<br \/>\nNeben der Arbeit in der Praxis habe ich an den Volkhochschulen M\u00fcnster und L\u00fcdinghausen Kurse f\u00fcr<\/p>\n<ul>\n<li>Beckenbodengymnastik<\/li>\n<li>Nordic-Walking<\/li>\n<li>R\u00fcckbildungsgymnastik<\/li>\n<li>R\u00fcckenschule<\/li>\n<\/ul>\n<p>geleitet.<\/p>\n<p>Einige Jahre lang habe ich f\u00fcr den Kneipp-Verein M\u00fcnster \u00e4hnliche Kurse angeboten.<\/p>\n<p>Weiterhin berate ich Firmen, die erkannt haben, dass gesunde Mitarbeiter aktiver, leistungsf\u00e4higer sind. \u2028Durch gezielte Arbeitsplatzanalysen mit entsprechenden an die Analyse anschlie\u00dfenden Ma\u00dfnahmen kann eine Reduzierung des vorhandenen Krankenstands erreicht werden.<\/p>\n<p>Die Krankenkassen haben in den letzten Jahre erkannt, dass Vorbeugung preiswerter ist, als nachtr\u00e4glich Kranke wieder gesund zu machen.<br \/>\nDie Techniker Krankenkasse ist an mich herangetreten und seitdem leite ich in Zusammenarbeit mit ihr Kurse und Pr\u00e4ventionsma\u00dfnahmen(z.B. Nordic-Walking, R\u00fcckenschule, Arbeitsplatzanalysen) f\u00fcr Ihre Kunden, darunter auch M\u00fcnsteraner Firmen.<\/p>\n<p>Parallel dazu habe ich den Kontakt zu anderen Firmen gesucht und einige haben zusammen mit mir, Ihren Mitarbeitern die M\u00f6glichkeit gegeben, ihre Situation an verschiedenen Arbeitspl\u00e4tzen zu verbessern.<\/p>\n<p><strong>In den vergangenen Jahren hat sich das Berufsbild der Krankengymnasten(heute Physiotherapeuten) gewandelt. <\/strong><\/p>\n<p>Mit einem rein klinischen Ansatz geben sich meine Patienten und Kunden nicht mehr zufrieden.\u2028\u2028 Pr\u00e4vention und Wellness, sind heute pr\u00e4gende Begriffe und auch aus meinem allt\u00e4glichen Umgang mit meinen Patienten nicht mehr wegzudenken.<\/p>\n<p>Um auch den klinischen Ansatz in meiner Praxis einen Namen geben zu k\u00f6nnen habe ich mich zur <strong>sektoralen Heilpraktikerin in der Physiotherapie<\/strong> weitergebildet.<\/p>\n<p>Mal ganz platt gesprochen: &#8222;Menschen, die sich wohl f\u00fchlen, denen geht es auch gut.&#8220;<br \/>\nDaher sehe ich eine meiner Aufgaben darin, dieses Gef\u00fchl bei meinen Patienten zu wecken bzw. zu verst\u00e4rken. \u2028Oft sind es Kleinigkeiten, die uns allen das Leben schwierig erscheinen lassen.<br \/>\nOft hilft eine entspannende Massage mehr als tausend Medikamente.<\/p>\n<p><strong>Wie w\u00e4r&#8217;s? Schauen Sie doch mal rein.<\/strong><\/p>\n","protected":false},"excerpt":{"rendered":"<p>Mein Name ist Sabine Beermann und ich bin seit \u00fcber 20 Jahren examinierte Krankengymnastin. Meine Ausbildung zur Krankengymnastin habe ich an der Timmermeister Schule in M\u00fcnster gemacht. Am Mathias-Spital in Rheine habe ich das Anerkennungsjahr absolviert. Danach habe ich in &hellip; <a href=\"https:\/\/www.physio-muenster.de\/tibus\/uber-mich\/\">Weiterlesen <span class=\"meta-nav\">&rarr;<\/span><\/a><\/p>\n","protected":false},"author":1,"featured_media":0,"parent":0,"menu_order":8,"comment_status":"open","ping_status":"open","template":"full-width-page.php","meta":{"_monsterinsights_skip_tracking":false,"_monsterinsights_sitenote_active":false,"_monsterinsights_sitenote_note":"","_monsterinsights_sitenote_category":0,"ngg_post_thumbnail":0,"_themeisle_gutenberg_block_has_review":false},"aioseo_notices":[],"_links":{"self":[{"href":"https:\/\/www.physio-muenster.de\/tibus\/wp-json\/wp\/v2\/pages\/58"}],"collection":[{"href":"https:\/\/www.physio-muenster.de\/tibus\/wp-json\/wp\/v2\/pages"}],"about":[{"href":"https:\/\/www.physio-muenster.de\/tibus\/wp-json\/wp\/v2\/types\/page"}],"author":[{"embeddable":true,"href":"https:\/\/www.physio-muenster.de\/tibus\/wp-json\/wp\/v2\/users\/1"}],"replies":[{"embeddable":true,"href":"https:\/\/www.physio-muenster.de\/tibus\/wp-json\/wp\/v2\/comments?post=58"}],"version-history":[{"count":10,"href":"https:\/\/www.physio-muenster.de\/tibus\/wp-json\/wp\/v2\/pages\/58\/revisions"}],"predecessor-version":[{"id":928,"href":"https:\/\/www.physio-muenster.de\/tibus\/wp-json\/wp\/v2\/pages\/58\/revisions\/928"}],"wp:attachment":[{"href":"https:\/\/www.physio-muenster.de\/tibus\/wp-json\/wp\/v2\/media?parent=58"}],"curies":[{"name":"wp","href":"https:\/\/api.w.org\/{rel}","templated":true}]}}