{"id":60,"date":"2011-09-04T18:49:11","date_gmt":"2011-09-04T18:49:11","guid":{"rendered":"http:\/\/www.physio-muenster.de\/tibus\/?page_id=60"},"modified":"2014-02-05T21:56:26","modified_gmt":"2014-02-05T21:56:26","slug":"wirbelsaulenbehandlung-nach-dorn-und-die-breuss-massage","status":"publish","type":"page","link":"https:\/\/www.physio-muenster.de\/tibus\/wirbelsaulenbehandlung-nach-dorn-und-die-breuss-massage\/","title":{"rendered":"Wirbels\u00e4ulenbehandlung nach Dorn und die Breuss-Massage"},"content":{"rendered":"<p>Eine \u201eandere sanfte manuelle Therapie\u201c<br \/>\nDie Wirbels\u00e4ule ist nicht nur als zentrale St\u00fctze des K\u00f6rpers bekannt, sondern sie sch\u00fctzt auch das R\u00fcckenmark, das als Steuerungssystem f\u00fcr die Funktionen der Organe, des Gewebes und jeder Zelle unseres K\u00f6rpers verantwortlich ist.<\/p>\n<p>St\u00f6rungen und Schmerzen lassen sich oft auf eine Irritation der vom R\u00fcckenmark her ausstrahlenden Nerven zur\u00fcckf\u00fchren, und zwar als Folge einer Verschiebung, Fehlstellung oder Blockierung einzelner oder mehrerer Wirbel. Ich als Therapeutin erf\u00fchle die Wirbelfehlstellung und korrigiere sie. Ausgehend von der Beurteilung des Beckens, denn nur eine waagerechte Beckenlage erm\u00f6glicht eine gerade Wirbels\u00e4ule und dies wiederum setzt zwei gleichlange Beine voraus.<\/p>\n<p>Stelle ich eine Beinl\u00e4ngendifferenz fest, beginnt die Therapie erst einmal mit einfachen \u00dcbungen, die diesen L\u00e4ngenunterschied ausgleichen sollen.<\/p>\n<p>Sie als Patient bekommen diese \u00dcbungen mit nach Hause, denn es ist n\u00f6tig, die \u00dcbungen auch au\u00dferhalb meiner Praxis zu machen, damit dauerhafter Erfolg bestehen bleibt.<\/p>\n<p>Nach dieser ersten Korrektur wird die Wirbels\u00e4ule abgetastet. Werden auch hier Fehlstellungen der Wirbel festgestellt, wird jeder einzelne Wirbel und das Kreuzbein, durch sanften Druck unter einfachen Bewegungen wieder in die richtige Lage gebracht.<\/p>\n<p>Welche Erkrankungen k\u00f6nnen mit der Dorn-Methode behandelt werden?<\/p>\n<ul>\n<li>Bandscheibenleiden<\/li>\n<li>Beckenschiefstand<\/li>\n<li>degenerative Ver\u00e4nderungen<\/li>\n<li>Diskushernie<\/li>\n<li>Empfindungsst\u00f6rungen an H\u00e4nden und F\u00fc\u00dfen<\/li>\n<li>Fehlstellungen von Wirbel und Gelenke<\/li>\n<li>Hexenschu\u00df und Ischias<\/li>\n<li>H\u00f6rsturz, Sehst\u00f6rungen, Tinnitus<\/li>\n<li>Par\u00e4sthesien<\/li>\n<li>Prolaps<\/li>\n<li>Schwindel<\/li>\n<li>Skoliose<\/li>\n<li>und mehr<\/li>\n<\/ul>\n<p>Die Dorn-Therapie wird h\u00e4ufig mit der <strong>Breu\u00df-Massage<\/strong> kombiniert.<\/p>\n<p>Sie ist die feinf\u00fchlige Erg\u00e4nzung der Dorn-Methode.<\/p>\n<p>Nach einer Breu\u00df-Massage ist es f\u00fcr den Therapeuten viel leichter Wirbel wieder in die richtige Lage zu bringen. Sie kann und sollte je nach Krankheitsbild als sinnvolle Vorbereitung einer Dorn-Behandlung durchgef\u00fchrt werden<br \/>\n<strong>Abrechnungshinweis:<\/strong><br \/>\nDorn-Therapie ist keine verordnungsf\u00e4hige Leistungsposition und kann deshalb von mir nur als Selbstzahlerleistung abgerechnet werden.<\/p>\n<p>&nbsp;<\/p>\n<p><strong>..und ganz wichtig f\u00fcr Sie:<\/strong><\/p>\n<p>F\u00fcr akute F\u00e4lle rate ich zur Abkl\u00e4rung von (Kontra-)Indikationen wie z.B.<\/p>\n<ul>\n<li>Wirbelbr\u00fcchen<\/li>\n<li>Wirbelentz\u00fcndungen<\/li>\n<li>Krebsmetastasen<\/li>\n<li>vollst\u00e4ndig zerst\u00f6rte Bandscheiben<\/li>\n<li>Bettl\u00e4gerigkeit des Patienten<\/li>\n<li>frische Verletzungen an den zu behandelnden Stellen<\/li>\n<\/ul>\n<p>durch einen Arzt, der Sie an einen geeigneten Therapeuten \u00fcberweist.<\/p>\n","protected":false},"excerpt":{"rendered":"<p>Eine \u201eandere sanfte manuelle Therapie\u201c Die Wirbels\u00e4ule ist nicht nur als zentrale St\u00fctze des K\u00f6rpers bekannt, sondern sie sch\u00fctzt auch das R\u00fcckenmark, das als Steuerungssystem f\u00fcr die Funktionen der Organe, des Gewebes und jeder Zelle unseres K\u00f6rpers verantwortlich ist. St\u00f6rungen &hellip; <a href=\"https:\/\/www.physio-muenster.de\/tibus\/wirbelsaulenbehandlung-nach-dorn-und-die-breuss-massage\/\">Weiterlesen <span class=\"meta-nav\">&rarr;<\/span><\/a><\/p>\n","protected":false},"author":1,"featured_media":0,"parent":0,"menu_order":8,"comment_status":"open","ping_status":"open","template":"full-width-page.php","meta":{"_monsterinsights_skip_tracking":false,"_monsterinsights_sitenote_active":false,"_monsterinsights_sitenote_note":"","_monsterinsights_sitenote_category":0,"ngg_post_thumbnail":0,"_themeisle_gutenberg_block_has_review":false},"aioseo_notices":[],"_links":{"self":[{"href":"https:\/\/www.physio-muenster.de\/tibus\/wp-json\/wp\/v2\/pages\/60"}],"collection":[{"href":"https:\/\/www.physio-muenster.de\/tibus\/wp-json\/wp\/v2\/pages"}],"about":[{"href":"https:\/\/www.physio-muenster.de\/tibus\/wp-json\/wp\/v2\/types\/page"}],"author":[{"embeddable":true,"href":"https:\/\/www.physio-muenster.de\/tibus\/wp-json\/wp\/v2\/users\/1"}],"replies":[{"embeddable":true,"href":"https:\/\/www.physio-muenster.de\/tibus\/wp-json\/wp\/v2\/comments?post=60"}],"version-history":[{"count":5,"href":"https:\/\/www.physio-muenster.de\/tibus\/wp-json\/wp\/v2\/pages\/60\/revisions"}],"predecessor-version":[{"id":300,"href":"https:\/\/www.physio-muenster.de\/tibus\/wp-json\/wp\/v2\/pages\/60\/revisions\/300"}],"wp:attachment":[{"href":"https:\/\/www.physio-muenster.de\/tibus\/wp-json\/wp\/v2\/media?parent=60"}],"curies":[{"name":"wp","href":"https:\/\/api.w.org\/{rel}","templated":true}]}}