{"id":897,"date":"2021-04-29T23:22:28","date_gmt":"2021-04-29T21:22:28","guid":{"rendered":"https:\/\/www.physio-muenster.de\/tibus\/?page_id=897"},"modified":"2025-05-27T18:43:37","modified_gmt":"2025-05-27T16:43:37","slug":"preisliste-gueltig-ab-01-05-2021","status":"publish","type":"page","link":"https:\/\/www.physio-muenster.de\/tibus\/preisliste-gueltig-ab-01-05-2021\/","title":{"rendered":"Preisliste                                        (g\u00fcltig ab 01.06.2025)"},"content":{"rendered":"\n<figure class=\"wp-block-table alignright is-style-regular\"><table><thead><tr><th class=\"has-text-align-left\" data-align=\"left\">Therapie<\/th><th class=\"has-text-align-right\" data-align=\"right\">Preis<\/th><\/tr><\/thead><tbody><tr><td class=\"has-text-align-left\" data-align=\"left\">Krankengymnastik(25Min)<\/td><td class=\"has-text-align-right\" data-align=\"right\">35,00\u20ac<\/td><\/tr><tr><td class=\"has-text-align-left\" data-align=\"left\">Manuelle Therapie<\/td><td class=\"has-text-align-right\" data-align=\"right\">40,00\u20ac<\/td><\/tr><tr><td class=\"has-text-align-left\" data-align=\"left\">Massage(15 Min)<\/td><td class=\"has-text-align-right\" data-align=\"right\">22,00\u20ac<\/td><\/tr><tr><td class=\"has-text-align-left\" data-align=\"left\">Massage(20 Min)<\/td><td class=\"has-text-align-right\" data-align=\"right\">27,00\u20ac<\/td><\/tr><tr><td class=\"has-text-align-left\" data-align=\"left\">Massage(25 Min)<\/td><td class=\"has-text-align-right\" data-align=\"right\">33,00\u20ac<\/td><\/tr><tr><td class=\"has-text-align-left\" data-align=\"left\"><\/td><td class=\"has-text-align-right\" data-align=\"right\"><\/td><\/tr><tr><td class=\"has-text-align-left\" data-align=\"left\">W\u00e4rmetherapie (Hei\u00dfluft 10Min)<\/td><td class=\"has-text-align-right\" data-align=\"right\">10,00\u20ac<\/td><\/tr><tr><td class=\"has-text-align-left\" data-align=\"left\">W\u00e4rmetherapie (Hei\u00dfluft 15Min)<\/td><td class=\"has-text-align-right\" data-align=\"right\">15,00\u20ac<\/td><\/tr><tr><td class=\"has-text-align-left\" data-align=\"left\">W\u00e4rmetherapie mit Naturmoor(einmal verwendbar)<\/td><td class=\"has-text-align-right\" data-align=\"right\">22,00\u20ac<\/td><\/tr><tr><td class=\"has-text-align-left\" data-align=\"left\">Hei\u00dfe Rolle<\/td><td class=\"has-text-align-right\" data-align=\"right\">15,00\u20ac<\/td><\/tr><tr><td class=\"has-text-align-left\" data-align=\"left\">K\u00e4ltetherapie(Packung)<\/td><td class=\"has-text-align-right\" data-align=\"right\">15,00\u20ac<\/td><\/tr><tr><td class=\"has-text-align-left\" data-align=\"left\">Eisbehandlung<\/td><td class=\"has-text-align-right\" data-align=\"right\">15,00\u20ac<\/td><\/tr><tr><td class=\"has-text-align-left\" data-align=\"left\"><\/td><td class=\"has-text-align-right\" data-align=\"right\"><\/td><\/tr><tr><td class=\"has-text-align-left\" data-align=\"left\">Fu\u00dfreflexzonenmassage(30 Min)<\/td><td class=\"has-text-align-right\" data-align=\"right\">35,00\u20ac<\/td><\/tr><tr><td class=\"has-text-align-left\" data-align=\"left\"><\/td><td class=\"has-text-align-right\" data-align=\"right\"><\/td><\/tr><tr><td class=\"has-text-align-left\" data-align=\"left\">Dorn-Breu\u00df-Massage(25 Min)<\/td><td class=\"has-text-align-right\" data-align=\"right\">45,00\u20ac<\/td><\/tr><tr><td class=\"has-text-align-left\" data-align=\"left\">Dorn-Breu\u00df-Behandlung(50-60 Min)<\/td><td class=\"has-text-align-right\" data-align=\"right\">90,00\u20ac<\/td><\/tr><tr><td class=\"has-text-align-left\" data-align=\"left\"><\/td><td class=\"has-text-align-right\" data-align=\"right\"><\/td><\/tr><tr><td class=\"has-text-align-left\" data-align=\"left\">Cranio-Sacrale-Therapie Kind und Baby(45-50 Min)<\/td><td class=\"has-text-align-right\" data-align=\"right\">90,00\u20ac<\/td><\/tr><tr><td class=\"has-text-align-left\" data-align=\"left\">Cranio-Sacrale-Therapie Erwachsene(50-60 Min)<\/td><td class=\"has-text-align-right\" data-align=\"right\">110,00\u20ac<\/td><\/tr><tr><td class=\"has-text-align-left\" data-align=\"left\"><\/td><td class=\"has-text-align-right\" data-align=\"right\"><\/td><\/tr><tr><td class=\"has-text-align-left\" data-align=\"left\">manuelle Lymphdrainage(Gesicht 30 Min)<\/td><td class=\"has-text-align-right\" data-align=\"right\">45,00\u20ac<\/td><\/tr><tr><td class=\"has-text-align-left\" data-align=\"left\">manuelle Lymphdrainage(Teilbehandlung 30 Min)<\/td><td class=\"has-text-align-right\" data-align=\"right\">45,00\u20ac<\/td><\/tr><tr><td class=\"has-text-align-left\" data-align=\"left\">manuelle Lymphdrainage(Gro\u00dfbehandlung 45 Min)<\/td><td class=\"has-text-align-right\" data-align=\"right\">60,00\u20ac<\/td><\/tr><tr><td class=\"has-text-align-left\" data-align=\"left\">manuelle Lymphdrainage(Ganzbehandlung 60 Min)<\/td><td class=\"has-text-align-right\" data-align=\"right\">79,00\u20ac<\/td><\/tr><tr><td class=\"has-text-align-left\" data-align=\"left\">Kompressionsbandagierung einer Extremit\u00e4t<\/td><td class=\"has-text-align-right\" data-align=\"right\">15,00\u20ac<\/td><\/tr><tr><td class=\"has-text-align-left\" data-align=\"left\"><\/td><td class=\"has-text-align-right\" data-align=\"right\"><\/td><\/tr><tr><td class=\"has-text-align-left\" data-align=\"left\">Medi-Kinesiotape-Anlage<\/td><td class=\"has-text-align-right\" data-align=\"right\">15,00\u20ac<\/td><\/tr><tr><td class=\"has-text-align-left\" data-align=\"left\">+ pro Tape-Abschnitt<\/td><td class=\"has-text-align-right\" data-align=\"right\">1,00\u20ac<\/td><\/tr><tr><td class=\"has-text-align-left\" data-align=\"left\"><\/td><td class=\"has-text-align-right\" data-align=\"right\"><\/td><\/tr><tr><td class=\"has-text-align-left\" data-align=\"left\">Hausbesuch pauschal<\/td><td class=\"has-text-align-right\" data-align=\"right\">22,00\u20ac<\/td><\/tr><tr><td class=\"has-text-align-left\" data-align=\"left\">+Wegegeld\/km (nach Google berechnet)<\/td><td class=\"has-text-align-right\" data-align=\"right\">0,50\u20ac<\/td><\/tr><tr><td class=\"has-text-align-left\" data-align=\"left\"><\/td><td class=\"has-text-align-right\" data-align=\"right\"><\/td><\/tr><tr><td class=\"has-text-align-left\" data-align=\"left\">Arztbericht(pauschal)<\/td><td class=\"has-text-align-right\" data-align=\"right\">25,00\u20ac<\/td><\/tr><tr><td class=\"has-text-align-left\" data-align=\"left\">Hygienepauschale pro VO, wenn n\u00f6tig<br>(lt. G\u00d6A w\u00e4ren 4,00\u20ac\/Behdlg. m\u00f6glich)<\/td><td class=\"has-text-align-right\" data-align=\"right\">15,00\u20ac<\/td><\/tr><\/tbody><\/table><figcaption class=\"wp-element-caption\">Vor dem 01.06.2025 begonnene VO werden nach alten Preisen abgerechnet.<br>Mit dieser Preisliste verlieren die bisherigen Ihre G\u00fcltigkeit<br>Sie haben Fragen? Bitte sprechen Sie uns an.<\/figcaption><\/figure>\n","protected":false},"excerpt":{"rendered":"<p>Therapie Preis Krankengymnastik(25Min) 35,00\u20ac Manuelle Therapie 40,00\u20ac Massage(15 Min) 22,00\u20ac Massage(20 Min) 27,00\u20ac Massage(25 Min) 33,00\u20ac W\u00e4rmetherapie (Hei\u00dfluft 10Min) 10,00\u20ac W\u00e4rmetherapie (Hei\u00dfluft 15Min) 15,00\u20ac W\u00e4rmetherapie mit Naturmoor(einmal verwendbar) 22,00\u20ac Hei\u00dfe Rolle 15,00\u20ac K\u00e4ltetherapie(Packung) 15,00\u20ac Eisbehandlung 15,00\u20ac Fu\u00dfreflexzonenmassage(30 Min) 35,00\u20ac Dorn-Breu\u00df-Massage(25 &hellip; <a href=\"https:\/\/www.physio-muenster.de\/tibus\/preisliste-gueltig-ab-01-05-2021\/\">Weiterlesen <span class=\"meta-nav\">&rarr;<\/span><\/a><\/p>\n","protected":false},"author":1,"featured_media":0,"parent":0,"menu_order":0,"comment_status":"closed","ping_status":"closed","template":"","meta":{"_monsterinsights_skip_tracking":false,"_monsterinsights_sitenote_active":false,"_monsterinsights_sitenote_note":"","_monsterinsights_sitenote_category":0,"ngg_post_thumbnail":0,"_themeisle_gutenberg_block_has_review":false},"aioseo_notices":[],"_links":{"self":[{"href":"https:\/\/www.physio-muenster.de\/tibus\/wp-json\/wp\/v2\/pages\/897"}],"collection":[{"href":"https:\/\/www.physio-muenster.de\/tibus\/wp-json\/wp\/v2\/pages"}],"about":[{"href":"https:\/\/www.physio-muenster.de\/tibus\/wp-json\/wp\/v2\/types\/page"}],"author":[{"embeddable":true,"href":"https:\/\/www.physio-muenster.de\/tibus\/wp-json\/wp\/v2\/users\/1"}],"replies":[{"embeddable":true,"href":"https:\/\/www.physio-muenster.de\/tibus\/wp-json\/wp\/v2\/comments?post=897"}],"version-history":[{"count":10,"href":"https:\/\/www.physio-muenster.de\/tibus\/wp-json\/wp\/v2\/pages\/897\/revisions"}],"predecessor-version":[{"id":1867,"href":"https:\/\/www.physio-muenster.de\/tibus\/wp-json\/wp\/v2\/pages\/897\/revisions\/1867"}],"wp:attachment":[{"href":"https:\/\/www.physio-muenster.de\/tibus\/wp-json\/wp\/v2\/media?parent=897"}],"curies":[{"name":"wp","href":"https:\/\/api.w.org\/{rel}","templated":true}]}}